{"id":4124,"date":"2021-06-01T13:13:59","date_gmt":"2021-06-01T11:13:59","guid":{"rendered":"https:\/\/chispirit.ch\/?page_id=4124"},"modified":"2021-06-01T15:30:18","modified_gmt":"2021-06-01T13:30:18","slug":"kraeutermedizin","status":"publish","type":"page","link":"https:\/\/chispirit.ch\/en\/kraeutermedizin\/","title":{"rendered":"Herbal Medicine"},"content":{"rendered":"<div  class=\"one ppb_boxed_text_button\" style=\"margin-top:-32px;margin-bottom:60px;\" >\n<div class=\"ppb_boxed_text_button_wrapper\" style=\"background-color:#ffffff;\">\n<div class=\"ppb_boxed_text_button_content\" style=\"color:;\"><span class=\"ti-alarm-clock\" style=\"margin-right:10px;\"><\/span>We are open Mon-Fri 8:00 a.m. - 8:00 p.m., Sat 9:00 a.m. - 4:00 p.m.<\/div>\n<p><a href=\"https:\/\/chispirit.ch\/en\/contact\/\" class=\"button\" style=\"background-color:#efa697;border-color:#efa697;color:#ffffff;\">Contact<\/a><\/div>\n<\/div>\n<div  class=\"one withsmallpadding ppb_header\" style=\"text-align:center;padding:0px 0 0px 0;margin-bottom:40px;\" >\n<div class=\"standard_wrapper\">\n<div class=\"page_content_wrapper wide\">\n<div class=\"inner\">\n<div style=\"margin:auto;width:90%\">\n<h2 class=\"ppb_title\" style=\"\">Herbal Medicine<\/h2>\n<div class=\"page_tagline\" style=\"\">MAGIC WITH THE HERBAL REMEDIES<\/div>\n<\/div>\n<\/div>\n<\/div>\n<\/div>\n<\/div>\n<div  class=\"one withsmallpadding ppb_text\" style=\"paddingtext-align:left;padding:10px 0 10px 0;\" >\n<div class=\"standard_wrapper\">\n<div class=\"page_content_wrapper wide\">\n<div class=\"inner\">\n<div style=\"margin:auto;width:100%\">\n<h4><strong>WHAT IS CHINESE HERBAL MEDICINE?<\/strong><\/h4>\n<p style=\"text-align: justify;\">\nChinese herbal medicine is part of the healing system of Traditional Chinese Medicine (TCM). Herbal remedies have become popular in the past decade and are widely used to treat and prevent various diseases.<\/p>\n<p>Chinese herbal medicine is mainly based on plants, but some preparations contain mineral products. Depending on the herb and intended use, they can be packaged as powders, pastes, lotions or tablets. Different herbs have different properties and can balance certain parts of the body. Prescribing a particular herb or combination of herbs means that the doctor's diagnosis must take into account the patient's state of yin and yang and the elements that control the organs involved. Herbs can be just as powerful on the body as medicines and should be treated with the same caution and respect.<\/p>\n<p>Conventional drugs are targeted and trigger specific metabolic reactions in the body. The associated side effects are usually traded as a risk versus the benefit of the primary effect. Conversely, herbal medicines act multisystemically, which means that they tend to have broad and non-specific effects on a number of physiological systems at the same time. These reactions usually have the same therapeutic effect and are complementary or synergistic with mild side effects.<\/p>\n<h4><strong>THE FIVE ELEMENTS OF CHINESE HERBAL MEDICINE:<\/strong><\/h4>\n<p>The TCM philosophy suggests that everything, including the organs of the body, is made up of the five elements: fire, earth, metal, water and wood. The herbs are similarly categorized into the five flavors - sweet, salty, bitter, hot, and sour - which correspond to the five elements. For example, since the skin is a Yang organ with a metallic element, it would be treated with a hot herb.<\/p>\n<h4><strong>HOW WILL CHINESE HERBS RESTORE BALANCE?<\/strong><\/h4>\n<p>Like acupuncture, herbal therapy treats unhealthy body patterns. Herbs are prescribed to restore the energy balance of the opposing energy forces - yin and yang - that run through invisible channels in the body.<\/p>\n<\/div>\n<\/div>\n<\/div>\n<\/div>\n<\/div>\n<div  class=\"one withsmallpadding ppb_text\" style=\"text-align:left;padding:10px 0 10px 0;\" >\n<div class=\"standard_wrapper\">\n<div class=\"page_content_wrapper wide\">\n<div class=\"inner\">\n<div style=\"margin:auto;width:100%\">\n<h4 style=\"padding-bottom: 20px;\"><strong>HERE'S HOW CHINESE HERBS CAN HELP:<\/strong><\/h4>\n<ul style=\"color: #8c807f;\">\n<li><strong>Cold and Flu<\/strong>: They can reduce runny nose, cough, and immunity.<\/li>\n<li><strong>Persistent fatigue<\/strong>: you can increase the energy.<\/li>\n<li><strong>Sinusitis<\/strong>: You can improve digestion and regulate bowel movements.<\/li>\n<li><strong>Insomnia<\/strong>: You can improve the quality of sleep.<\/li>\n<li><strong>Menopause<\/strong>: They Can Help Relieve Hot Flashes.<\/li>\n<li><strong>infertility<\/strong>: You can balance hormones to promote healthy cycles.<\/li>\n<li><strong>Cancer treatment :<\/strong>: You can reduce side effects from chemotherapy and radiation.<\/li>\n<li><strong>Diabetes<\/strong>: You can help prevent pre-diabetes from turning into diabetes.<\/li>\n<\/ul>\n<\/div>\n<\/div>\n<\/div>\n<\/div>\n<\/div>\n<div class=\"divider one\">&nbsp;<\/div>\n<div class=\"standard_wrapper\">\n<div class=\"one withsmallpadding ppb_line_divider\"  style=\"text-align:center;padding:0px 0 0px 0;margin-bottom:20px;\" >\n<div class=\"page_content_wrapper wide\">\n<div class=\"inner\">\n<div class=\"line_divider_border\" style=\"width:100px;\"><\/div>\n<div class=\"line_divider_seperator\"><i class=\"fa fa-leaf\" style=\"color:#efa697;\"><\/i><\/div>\n<div class=\"line_divider_border\" style=\"width:100px;\"><\/div>\n<\/div>\n<\/div>\n<\/div>\n<\/div>\n<div  class=\"one ppb_card_two_cols_with_image ppb_pricing_card_with_image\" style=\"position:relative;padding:20px 0 20px 0;\" >\n<div class=\"standard_wrapper\">\n<div class=\"page_content_wrapper wide\">\n<div class=\"inner\">\n<div class=\"one_half parallax_scroll_image\" style=\"width:65%;\">\n<div class=\"image_classic_frame expand\">\n<div class=\"image_wrapper\"><img decoding=\"async\" src=\"https:\/\/chispirit.ch\/wp-content\/uploads\/2021\/05\/Herbal-medicine1-scaled-e1599387925210.jpg\" alt=\"\" class=\"portfolio_img\"\/><\/div>\n<\/div>\n<\/div>\n<div class=\"one_half last parallax_scroll parallax_text\" style=\"width:40%;position:absolute;padding:20px;background:#fff;\" data-stellar-ratio=\"1.3\">\n<h2 class=\"ppb_title\" style=\"\">Price<\/h2>\n<div class=\"line_divider_border theme_border\" style=\"width:50px;\"><\/div>\n<div class=\"line_divider_seperator\"><i class=\"fa fa-leaf skin_color\"><\/i><\/div>\n<div class=\"line_divider_border theme_border\" style=\"width:50px;\"><\/div>\n<div class=\"pricing_wrapper themeborder\">\n<div class=\"pricing_title_wrapper\">TCM Herbal Medicine Recipe<\/div>\n<div class=\"pricing_title_price skin_color\">CHF60.00<\/div>\n<div class=\"pricing_excerpt_wrapper\">INCL. DIAGNOSIS<\/div>\n<\/div>\n<\/div>\n<p><br class=\"clear\"\/><\/div>\n<\/div>\n<\/div>\n<\/div>\n<div class=\"divider one\">&nbsp;<\/div>","protected":false},"excerpt":{"rendered":"<p>Wir haben Mo-Fr 8:00 &#8211; 20:00 Uhr, Sa 9:00-16:00 Uhr ge\u00f6ffnet Kontaktieren Kraeutermedizin Zauber mit den Pflanzlichen Heilmittel WAS IST CHINESISCHE KR\u00c4UTERMEDIZIN? Die chinesische Kr\u00e4utermedizin ist Teil des Heilsystems der Traditionellen Chinesischen Medizin (TCM). Pflanzliche Heilmittel sind in den letzten [&hellip;]<\/p>","protected":false},"author":1,"featured_media":3689,"parent":0,"menu_order":0,"comment_status":"closed","ping_status":"closed","template":"","meta":{"footnotes":""},"class_list":["post-4124","page","type-page","status-publish","has-post-thumbnail","hentry"],"_links":{"self":[{"href":"https:\/\/chispirit.ch\/en\/wp-json\/wp\/v2\/pages\/4124","targetHints":{"allow":["GET"]}}],"collection":[{"href":"https:\/\/chispirit.ch\/en\/wp-json\/wp\/v2\/pages"}],"about":[{"href":"https:\/\/chispirit.ch\/en\/wp-json\/wp\/v2\/types\/page"}],"author":[{"embeddable":true,"href":"https:\/\/chispirit.ch\/en\/wp-json\/wp\/v2\/users\/1"}],"replies":[{"embeddable":true,"href":"https:\/\/chispirit.ch\/en\/wp-json\/wp\/v2\/comments?post=4124"}],"version-history":[{"count":0,"href":"https:\/\/chispirit.ch\/en\/wp-json\/wp\/v2\/pages\/4124\/revisions"}],"wp:featuredmedia":[{"embeddable":true,"href":"https:\/\/chispirit.ch\/en\/wp-json\/wp\/v2\/media\/3689"}],"wp:attachment":[{"href":"https:\/\/chispirit.ch\/en\/wp-json\/wp\/v2\/media?parent=4124"}],"curies":[{"name":"wp","href":"https:\/\/api.w.org\/{rel}","templated":true}]}}