{"id":3661,"date":"2021-05-21T15:45:16","date_gmt":"2021-05-21T13:45:16","guid":{"rendered":"https:\/\/chispirit.ch\/?page_id=3661"},"modified":"2021-06-25T10:16:00","modified_gmt":"2021-06-25T08:16:00","slug":"tcm","status":"publish","type":"page","link":"https:\/\/chispirit.ch\/en\/tcm\/","title":{"rendered":"Traditional Chinese medicine"},"content":{"rendered":"<div  class=\"one ppb_boxed_text_button\" style=\"margin-top:-32px;margin-bottom:60px;\" >\n<div class=\"ppb_boxed_text_button_wrapper\" style=\"background-color:#ffffff;\">\n<div class=\"ppb_boxed_text_button_content\" style=\"color:;\"><span class=\"ti-alarm-clock\" style=\"margin-right:10px;\"><\/span>We are open Mon-Fri 8:00 a.m. - 8:00 p.m., Sat 9:00 a.m. - 4:00 p.m.<\/div>\n<p><a href=\"https:\/\/chispirit.ch\/en\/contact\/\" class=\"button\" style=\"background-color:#efa697;border-color:#efa697;color:#ffffff;\">Contact<\/a><\/div>\n<\/div>\n<div  class=\"one withsmallpadding ppb_header\" style=\"text-align:center;padding:0px 0 0px 0;\" >\n<div class=\"standard_wrapper\">\n<div class=\"page_content_wrapper wide\">\n<div class=\"inner\">\n<div style=\"margin:auto;width:90%\">\n<h2 class=\"ppb_title\" style=\"\">Philosophy<\/h2>\n<div class=\"page_tagline\" style=\"\">A HOLISTIC MEDICAL SYSTEM BASED ON QI (LIFE ENERGY)<\/div>\n<\/div>\n<\/div>\n<\/div>\n<\/div>\n<\/div>\n<div  class=\"one withsmallpadding ppb_text\" style=\"text-align:center;padding:40px 0 40px 0;\" >\n<div class=\"standard_wrapper\">\n<div class=\"page_content_wrapper wide\">\n<div class=\"inner\">\n<div style=\"margin:auto;width:100%\">\n<p>Chinese medicine (TCM) is the oldest and greatest medical tradition in human history. For over 2000 years, medical knowledge has been systematically compiled, clinically tested and preserved to this day. Since the 1950s, this medicine has been systematized according to modern scientific standards and taught as \"TCM\" at Chinese universities. As a holistic medicine, the diagnosis and therapy of TCM takes the whole person into account. From the Chinese point of view, illnesses and complaints arise when the energetic balance is disturbed. The aim of every treatment is to restore and stabilize the balance.<\/p>\n<p>In our practice for Traditional Chinese Medicine (TCM) we take a complementary medical approach. Our treatment according to TCM criteria is therefore not a substitute, but rather a supplement to conventional medicine. Accordingly, we see our patients from both an Eastern and a Western perspective. Modern diagnostics are indispensable here, and we work accordingly closely with general practitioners and specialist practices. The approaches from Eastern and Western medicine can usually be combined well with one another.<\/p>\n<\/div>\n<\/div>\n<\/div>\n<\/div>\n<\/div>\n<div  class=\"one withsmallpadding ppb_header parallax withbg\" style=\"background-image:url(https:\/\/chispirit.ch\/wp-content\/uploads\/2021\/06\/ChiSpirit_0621-33.jpg);background-position: center top;text-align:center;padding:250px 0 250px 0;\" >\n<div class=\"standard_wrapper\">\n<div class=\"page_content_wrapper wide\">\n<div class=\"inner\">\n<div style=\"margin:auto;width:100%\">\n<h2 class=\"ppb_title\" style=\"color:#ffffff;\">Diagnose<\/h2>\n<\/div>\n<\/div>\n<\/div>\n<\/div>\n<\/div>\n<div class=\"standard_wrapper\">\n<div class=\"one withsmallpadding ppb_line_divider\"  style=\"text-align:center;padding:0px 0 0px 0;margin-bottom:20px;\" >\n<div class=\"page_content_wrapper wide\">\n<div class=\"inner\">\n<div class=\"line_divider_border\" style=\"width:100px;\"><\/div>\n<div class=\"line_divider_seperator\"><i class=\"fa fa-leaf\" style=\"color:#efa697;\"><\/i><\/div>\n<div class=\"line_divider_border\" style=\"width:100px;\"><\/div>\n<\/div>\n<\/div>\n<\/div>\n<\/div>\n<div  class=\"one\" >\n<div class=\"standard_wrapper\">\n<div class=\"page_content_wrapper wide\">\n<div class=\"inner\">\n<div class=\"one_half\">\n<div class=\"image_classic_frame expand\">\n<div class=\"image_wrapper\"><a href=\"https:\/\/chispirit.ch\/wp-content\/uploads\/2021\/05\/pulsdiagnose.jpg\" class=\"img_frame\"><img decoding=\"async\" src=\"https:\/\/chispirit.ch\/wp-content\/uploads\/2021\/05\/pulsdiagnose.jpg\" alt=\"\" class=\"portfolio_img parallax_text\"\/><\/a><\/div>\n<\/div>\n<\/div>\n<div class=\"one_half last content_middle\" style=\"padding:40px;\">\n<h2 class=\"ppb_title\" style=\"\">Pulsdiagnose<\/h2>\n<div class=\"ppb_header_content\">\n<p>The palpable pulse is the composition of tissue (blood vessel), nourishing fluid (blood) and active energy (pulse wave). Each of these properties can be represented in different ways and can therefore be touched. These three properties taken together result in the pulse pattern. This helps the doctor to make a diagnosis and derive a therapy from it. The recording of the heart rate only plays a very subordinate role here.<\/p>\n<\/div>\n<\/div>\n<p><br class=\"clear\"\/><\/div>\n<\/div>\n<\/div>\n<\/div>\n<div  class=\"one withsmallpadding ppb_text\" style=\"text-align:center;padding:40px 0 40px 0;\" >\n<div class=\"standard_wrapper\">\n<div class=\"page_content_wrapper wide\">\n<div class=\"inner\">\n<div style=\"margin:auto;width:100%\">\n<p>Traditionally, Chinese medicine (TCM) has no technical aids for diagnostics. You \u201conly\u201d use the human senses. If you are appropriately trained, you can learn a lot about your patients. We live in a modern world and of course we also assess technical findings such as imaging or the laboratory. However, the Chinese diagnosis also provides insights that cannot be measured or represented, since it takes more into account the complex, active functions of the body. This is extremely important in the overall assessment of a symptom.<\/p>\n<p>A Chinese diagnosis includes several examination methods. Mainly it is about the assessment of the condition and the function of the active body tissue (muscles, tendons and fasciae as well as the internal organs.) For this we mainly use the pulse and tongue diagnosis, but also the palpation of the abdomen and the channels.<\/p>\n<\/div>\n<\/div>\n<\/div>\n<\/div>\n<\/div>\n<div  class=\"one\" >\n<div class=\"standard_wrapper\">\n<div class=\"page_content_wrapper wide\">\n<div class=\"inner\">\n<div class=\"one_half content_middle textright\" style=\"padding:40px;\">\n<h2 class=\"ppb_title\" style=\"\">Tongue Diagnose<\/h2>\n<div class=\"ppb_header_content\">\n<p>The tongue is the only muscle in the body that is not covered by skin. Thus, a lot about the condition of one of the most important body tissues can be read here, which otherwise remains hidden to us. The consistency of the muscle, the color of the muscle flesh and the coating on the tongue play an important role in the diagnosis. In addition, as the starting point of the digestive tract, the tongue has a direct connection to the internal organs and can thus provide other important information about their condition.<\/p>\n<\/div>\n<\/div>\n<div class=\"one_half last\">\n<div class=\"image_classic_frame expand\">\n<div class=\"image_wrapper\"><a href=\"https:\/\/chispirit.ch\/wp-content\/uploads\/2021\/05\/zungendiagnose.jpg\" class=\"img_frame\"><img decoding=\"async\" src=\"https:\/\/chispirit.ch\/wp-content\/uploads\/2021\/05\/zungendiagnose.jpg\" alt=\"\" class=\"portfolio_img\"\/><\/a><\/div>\n<\/div>\n<\/div>\n<p><br class=\"clear\"\/><\/div>\n<\/div>\n<\/div>\n<\/div>\n<div class=\"standard_wrapper\">\n<div class=\"one withsmallpadding ppb_line_divider\"  style=\"text-align:center;padding:20px 0 20px 0;margin-bottom:20px;\" >\n<div class=\"page_content_wrapper wide\">\n<div class=\"inner\">\n<div class=\"line_divider_border\" style=\"width:100px;\"><\/div>\n<div class=\"line_divider_seperator\"><i class=\"fa fa-leaf\" style=\"color:#efa697;\"><\/i><\/div>\n<div class=\"line_divider_border\" style=\"width:100px;\"><\/div>\n<\/div>\n<\/div>\n<\/div>\n<\/div>\n<div  class=\"one withsmallpadding ppb_header parallax withbg\" style=\"background-image:url(https:\/\/chispirit.ch\/wp-content\/uploads\/2017\/02\/369127.jpg);background-position: center top;text-align:center;padding:250px 0 250px 0;margin-bottom:30px;\" >\n<div class=\"standard_wrapper\">\n<div class=\"page_content_wrapper wide\">\n<div class=\"inner\">\n<div style=\"margin:auto;width:100%\">\n<h2 class=\"ppb_title\" style=\"color:#ffffff;\">Therapies<\/h2>\n<\/div>\n<\/div>\n<\/div>\n<\/div>\n<\/div>\n<div  class=\"one withsmallpadding ppb_header\" style=\"text-align:center;padding:20px 0 20px 0;margin-bottom:50px;\" >\n<div class=\"standard_wrapper\">\n<div class=\"page_content_wrapper wide\">\n<div class=\"inner\">\n<div style=\"margin:auto;width:90%\">\n<h2 class=\"ppb_title\" style=\"\">TCM Treatments<\/h2>\n<div class=\"page_tagline\" style=\"\">BALANCE YIN AND YANG AND JUST LET THE CHI FLOW<\/div>\n<\/div>\n<\/div>\n<\/div>\n<\/div>\n<\/div>\n<div class=\"standard_wrapper\">\n<div  class=\"ppb_image_boxed one_third\" style=\"margin-bottom:50px;\" >\n<div class=\"page_content_wrapper wide\">\n<div class=\"inner\">\n<div class=\"image_boxed_wrapper theme_radius\" style=\"text-align:center;>&#171;><img decoding=\"async\" src=\"https:\/\/chispirit.ch\/wp-content\/uploads\/2021\/05\/akupunktur.jpg\" alt=\"\"\/><\/p>\n<div class=\"image_boxed_content\" style=\"padding:30px;\">\n<h3>Acupuncture<\/h3>\n<p style=\"min-height:128px;\">The practitioners use needles based on the principle of Qi, which they attach to the so-called acupuncture points.<\/p>\n<p><a class=\"readmore\" href=\"https:\/\/chispirit.ch\/en\/akupunktur\/\">VIEW DETAILS<\/a><\/p>\n<\/div>\n<\/div>\n<\/div>\n<\/div>\n<\/div>\n<\/div>\n<div class=\"standard_wrapper\">\n<div  class=\"ppb_image_boxed one_third\" style=\"margin-bottom:50px;\" >\n<div class=\"page_content_wrapper wide\">\n<div class=\"inner\">\n<div class=\"image_boxed_wrapper theme_radius\" style=\"text-align:center;>&#171;><img decoding=\"async\" src=\"https:\/\/chispirit.ch\/wp-content\/uploads\/2021\/05\/Tuina-Massage.jpg\" alt=\"\"\/><\/p>\n<div class=\"image_boxed_content\" style=\"padding:30px;\">\n<h3>Tuina Massage<\/h3>\n<p style=\"min-height:128px;\">Tui Na literally means push and pull and is the most common term for physical therapy in Chinese medicine.<\/p>\n<p><a class=\"readmore\" href=\"https:\/\/chispirit.ch\/en\/tuina\/\">VIEW DETAILS<\/a><\/p>\n<\/div>\n<\/div>\n<\/div>\n<\/div>\n<\/div>\n<\/div>\n<div class=\"standard_wrapper\">\n<div  class=\"ppb_image_boxed one_third last\" style=\"margin-bottom:50px;\" >\n<div class=\"page_content_wrapper wide\">\n<div class=\"inner\">\n<div class=\"image_boxed_wrapper theme_radius\" style=\"text-align:center;>&#171;><img decoding=\"async\" src=\"https:\/\/chispirit.ch\/wp-content\/uploads\/2021\/05\/Schroepfen.jpeg\" alt=\"\"\/><\/p>\n<div class=\"image_boxed_content\" style=\"padding:30px;\">\n<h3>Cupping<\/h3>\n<p style=\"min-height:128px;\">Cupping is the application of a regionally limited negative pressure in certain areas of the body.<\/p>\n<p><a class=\"readmore\" href=\"https:\/\/chispirit.ch\/en\/schroepfen\/\">VIEW DETAILS<\/a><\/p>\n<\/div>\n<\/div>\n<\/div>\n<\/div>\n<\/div>\n<\/div>\n<div class=\"standard_wrapper\">\n<div  class=\"ppb_image_boxed one_third\" style=\"margin-bottom:60px;\" >\n<div class=\"page_content_wrapper wide\">\n<div class=\"inner\">\n<div class=\"image_boxed_wrapper theme_radius\" style=\"text-align:center;>&#171;><img decoding=\"async\" src=\"https:\/\/chispirit.ch\/wp-content\/uploads\/2021\/05\/Moxibustion.jpg\" alt=\"\"\/><\/p>\n<div class=\"image_boxed_content\" style=\"padding:30px;\">\n<h3>Moxibustion<\/h3>\n<p style=\"min-height:128px;\">Moxibustion, or moxa for short, is a heat therapy. The heat is created by burning off dried mugwort.<\/p>\n<p><a class=\"readmore\" href=\"https:\/\/chispirit.ch\/en\/moxibustion\/\">VIEW DETAILS<\/a><\/p>\n<\/div>\n<\/div>\n<\/div>\n<\/div>\n<\/div>\n<\/div>\n<div class=\"standard_wrapper\">\n<div  class=\"ppb_image_boxed one_third\" style=\"margin-bottom:60px;\" >\n<div class=\"page_content_wrapper wide\">\n<div class=\"inner\">\n<div class=\"image_boxed_wrapper theme_radius\" style=\"text-align:center;>&#171;><img decoding=\"async\" src=\"https:\/\/chispirit.ch\/wp-content\/uploads\/2021\/05\/Elektroakupunktur.jpeg\" alt=\"\"\/><\/p>\n<div class=\"image_boxed_content\" style=\"padding:30px;\">\n<h3>Electro Acupuncture<\/h3>\n<p style=\"min-height:128px;\">In electroacupuncture, fine electrical impulses are also used to stimulate the meridian point and the surrounding tissue.<\/p>\n<p><a class=\"readmore\" href=\"https:\/\/chispirit.ch\/en\/elektroakupunktur\/\">VIEW DETAILS<\/a><\/p>\n<\/div>\n<\/div>\n<\/div>\n<\/div>\n<\/div>\n<\/div>\n<div class=\"standard_wrapper\">\n<div  class=\"ppb_image_boxed one_third last\" style=\"margin-bottom:60px;\" >\n<div class=\"page_content_wrapper wide\">\n<div class=\"inner\">\n<div class=\"image_boxed_wrapper theme_radius\" style=\"text-align:center;>&#171;><img decoding=\"async\" src=\"https:\/\/chispirit.ch\/wp-content\/uploads\/2021\/05\/Krautermedizin.jpg\" alt=\"\"\/><\/p>\n<div class=\"image_boxed_content\" style=\"padding:30px;\">\n<h3>Chinese Herbal Medicine<\/h3>\n<p style=\"min-height:128px;\">Various acute as well as chronic illnesses are treated with herbal mixtures.<\/p>\n<p><a class=\"readmore\" href=\"https:\/\/chispirit.ch\/en\/kraeutermedizin\/\">VIEW DETAILS<\/a><\/p>\n<\/div>\n<\/div>\n<\/div>\n<\/div>\n<\/div>\n<\/div>\n<div class=\"divider one\">&nbsp;<\/div>","protected":false},"excerpt":{"rendered":"<p>Wir haben Mo-Fr 8:00 &#8211; 20:00 Uhr, Sa 9:00-16:00 Uhr ge\u00f6ffnet Kontaktieren Philosophie ein ganzheitliches Medizinsystem das sich auf das Qi (die Lebensenergie) st\u00fctzt Die Chinesische Medizin (TCM) ist die \u00e4lteste und gr\u00f6\u00dfte Medizintradition der Menschheitsgeschichte. Seit \u00fcber 2000 Jahren [&hellip;]<\/p>","protected":false},"author":1,"featured_media":3689,"parent":0,"menu_order":0,"comment_status":"closed","ping_status":"closed","template":"","meta":{"footnotes":""},"class_list":["post-3661","page","type-page","status-publish","has-post-thumbnail","hentry"],"_links":{"self":[{"href":"https:\/\/chispirit.ch\/en\/wp-json\/wp\/v2\/pages\/3661","targetHints":{"allow":["GET"]}}],"collection":[{"href":"https:\/\/chispirit.ch\/en\/wp-json\/wp\/v2\/pages"}],"about":[{"href":"https:\/\/chispirit.ch\/en\/wp-json\/wp\/v2\/types\/page"}],"author":[{"embeddable":true,"href":"https:\/\/chispirit.ch\/en\/wp-json\/wp\/v2\/users\/1"}],"replies":[{"embeddable":true,"href":"https:\/\/chispirit.ch\/en\/wp-json\/wp\/v2\/comments?post=3661"}],"version-history":[{"count":9,"href":"https:\/\/chispirit.ch\/en\/wp-json\/wp\/v2\/pages\/3661\/revisions"}],"predecessor-version":[{"id":4893,"href":"https:\/\/chispirit.ch\/en\/wp-json\/wp\/v2\/pages\/3661\/revisions\/4893"}],"wp:featuredmedia":[{"embeddable":true,"href":"https:\/\/chispirit.ch\/en\/wp-json\/wp\/v2\/media\/3689"}],"wp:attachment":[{"href":"https:\/\/chispirit.ch\/en\/wp-json\/wp\/v2\/media?parent=3661"}],"curies":[{"name":"wp","href":"https:\/\/api.w.org\/{rel}","templated":true}]}}